{"id":1683,"date":"2025-10-28T17:01:16","date_gmt":"2025-10-28T17:01:16","guid":{"rendered":"https:\/\/bedzie-strona.pl\/?page_id=1683"},"modified":"2025-12-03T21:30:11","modified_gmt":"2025-12-03T21:30:11","slug":"sygnalista-bialystok","status":"publish","type":"page","link":"https:\/\/rachmix.pl\/index.php\/sygnalista-bialystok\/","title":{"rendered":"SYGNALISTA"},"content":{"rendered":"\t\t<div data-elementor-type=\"wp-page\" data-elementor-id=\"1683\" class=\"elementor elementor-1683\">\n\t\t\t\t<div class=\"elementor-element elementor-element-80f66c4 e-flex e-con-boxed sc_layouts_column_icons_position_left e-con e-parent\" data-id=\"80f66c4\" data-element_type=\"container\">\n\t\t\t\t\t<div class=\"e-con-inner\">\n\t\t<div class=\"elementor-element elementor-element-076b962 e-con-full e-flex sc_layouts_column_icons_position_left e-con e-child\" data-id=\"076b962\" data-element_type=\"container\">\n\t\t<div class=\"elementor-element elementor-element-744403c e-con-full e-flex sc_layouts_column_icons_position_left e-con e-child\" data-id=\"744403c\" data-element_type=\"container\">\n\t\t<div data-animation-type=\"block\" class=\"elementor-element elementor-element-3f94d89 e-con-full e-flex sc_layouts_column_icons_position_left animation_type_block elementor-invisible e-con e-child\" data-id=\"3f94d89\" data-element_type=\"container\" data-settings=\"{&quot;animation&quot;:&quot;ta_fadeinup&quot;,&quot;animation_delay&quot;:100}\">\n\t\t\t\t<div data-animation-type=\"block\" class=\"elementor-element elementor-element-953930b animation_type_block sc_fly_static elementor-invisible elementor-widget elementor-widget-heading\" data-id=\"953930b\" data-element_type=\"widget\" data-settings=\"{&quot;_animation&quot;:&quot;ta_fadeinup&quot;}\" data-widget_type=\"heading.default\">\n\t\t\t\t<div class=\"elementor-widget-container\">\n\t\t\t\t\t<h1 class=\"elementor-heading-title elementor-size-default\">Sygnalista<\/h1>\t\t\t\t<\/div>\n\t\t\t\t<\/div>\n\t\t\t\t<div class=\"elementor-element elementor-element-8211919 sc_fly_static elementor-widget elementor-widget-heading\" data-id=\"8211919\" data-element_type=\"widget\" data-widget_type=\"heading.default\">\n\t\t\t\t<div class=\"elementor-widget-container\">\n\t\t\t\t\t<h6 class=\"elementor-heading-title elementor-size-default\">Bezpieczny kontakt:\n<\/h6>\t\t\t\t<\/div>\n\t\t\t\t<\/div>\n\t\t\t\t<div class=\"elementor-element elementor-element-a27f043 trx-addons-icon-list-traditional elementor-list-item-link-inline trx-addons-icon-left sc_fly_static elementor-widget elementor-widget-trx_elm_icon_list\" data-id=\"a27f043\" data-element_type=\"widget\" data-widget_type=\"trx_elm_icon_list.default\">\n\t\t\t\t<div class=\"elementor-widget-container\">\n\t\t\t\t\t\t\t<div class=\"trx-addons-list-container\">\n\t\t\t<ul class=\"trx-addons-list-items\">\n\t\t\t\t\t\t\t\t\t\t\t\t\t\t\t\t\t\t\t\t\t<li class=\"trx-addons-icon-list-item trx-addons-icon-list-item-with-link elementor-repeater-item-9a25d57\">\n\t\t\t\t\t\t\t\t\t\t\t\t\t\t\t<a href=\"mailto:jolanta.lagoda@rachmix.pl\">\n\t\t\t\t\t\t\t\t\t\t\t\t\t\t\t<h6 class=\"trx-addons-icon-list-text\">\n\t\t\t\t\t\t\t\tjolanta.lagoda@rachmix.pl\t\t\t\t\t\t\t<\/h6>\n\t\t\t\t\t\t\t\t\t\t\t\t\t\t\t<\/a>\n\t\t\t\t\t\t\t\t\t\t\t\t\t\t<\/li>\n\t\t\t\t\t\t\t\t\t\t\t\t\t<\/ul>\n\t\t<\/div>\n\t\t\t\t\t\t<\/div>\n\t\t\t\t<\/div>\n\t\t\t\t<div class=\"elementor-element elementor-element-75fdce4 sc_fly_static elementor-widget elementor-widget-text-editor\" data-id=\"75fdce4\" data-element_type=\"widget\" data-widget_type=\"text-editor.default\">\n\t\t\t\t<div class=\"elementor-widget-container\">\n\t\t\t\t\t\t\t\t\t<p data-start=\"167\" data-end=\"220\"><a href=\"https:\/\/rachmix.pl\/index.php\/sygnalista\/\"><strong data-start=\"167\" data-end=\"220\">Klauzula RODO dla sygnalist\u00f3w + pliki do pobrania<\/strong><\/a><\/p>\t\t\t\t\t\t\t\t<\/div>\n\t\t\t\t<\/div>\n\t\t\t\t<\/div>\n\t\t<div data-animation-type=\"block\" class=\"elementor-element elementor-element-c4ddb10 e-con-full e-flex sc_layouts_column_icons_position_left animation_type_block elementor-invisible e-con e-child\" data-id=\"c4ddb10\" data-element_type=\"container\" data-settings=\"{&quot;animation&quot;:&quot;ta_fadeinup&quot;,&quot;animation_delay&quot;:400}\">\n\t\t\t\t<div class=\"elementor-element elementor-element-d81e2b6 sc_fly_static elementor-widget elementor-widget-heading\" data-id=\"d81e2b6\" data-element_type=\"widget\" data-widget_type=\"heading.default\">\n\t\t\t\t<div class=\"elementor-widget-container\">\n\t\t\t\t\t<h6 class=\"elementor-heading-title elementor-size-default\">Bezpieczne zg\u0142aszanie nieprawid\u0142owo\u015bci<\/h6>\t\t\t\t<\/div>\n\t\t\t\t<\/div>\n\t\t\t\t<div class=\"elementor-element elementor-element-b3a2547 sc_fly_static elementor-widget elementor-widget-text-editor\" data-id=\"b3a2547\" data-element_type=\"widget\" data-widget_type=\"text-editor.default\">\n\t\t\t\t<div class=\"elementor-widget-container\">\n\t\t\t\t\t\t\t\t\t<p>W naszym Biurze zapewniamy mo\u017cliwo\u015b\u0107 zg\u0142aszania narusze\u0144 prawa, czy nieprawid\u0142owo\u015bci w dzia\u0142aniu przedsi\u0119biorstwa. Wszystkie zg\u0142oszenia s\u0105 poufne i chronione, a osoby przekazuj\u0105ce informacje obj\u0119te s\u0105 pe\u0142n\u0105 ochron\u0105. Ka\u017cde zg\u0142oszenie jest analizowane z nale\u017cyt\u0105 staranno\u015bci\u0105, by zapewni\u0107 uczciwo\u015b\u0107 i przejrzysto\u015b\u0107 w naszych dzia\u0142aniach. Wdro\u017cony system przyjmowania zg\u0142osze\u0144 umo\u017cliwia zg\u0142aszanie nieprawid\u0142owo\u015bci za po\u015brednictwem \u0142atwo dost\u0119pnych kana\u0142\u00f3w, w spos\u00f3b zapewniaj\u0105cy rzetelne i niezale\u017cne rozpoznanie zg\u0142oszenia oraz w spos\u00f3b zapewniaj\u0105cy ochron\u0119 przed dzia\u0142aniami o charakterze odwetowym, represyjnym, dyskryminacyjnym lub innym rodzajem niesprawiedliwego traktowania w zwi\u0105zku z dokonanym zg\u0142oszeniem.<\/p><p>Zgodnie z obowi\u0105zuj\u0105c\u0105 w Biurze procedur\u0105, dotycz\u0105c\u0105 przyjmowania narusze\u0144 prawa oraz podejmowania dzia\u0142a\u0144 nast\u0119pczych zg\u0142oszenie wewn\u0119trznego nast\u0119puje pisemnie przy u\u017cyciu formularza. Wype\u0142niony formularz zg\u0142oszenia nale\u017cy przes\u0142a\u0107 na adres Biura Rachunkowego: Biuro Rachunkowe RACHMIX Jolanta \u0141agoda, ul. Wiatrakowa 3 lok. U2, 15-827 Bia\u0142ystok.<\/p><p>Zg\u0142oszenie ma by\u0107 nadane w zamkni\u0119tej kopercie opatrzonej klauzul\u0105 \u201epoufne\u201d, umieszczonej w kolejnej zamkni\u0119tej kopercie.<\/p>\t\t\t\t\t\t\t\t<\/div>\n\t\t\t\t<\/div>\n\t\t\t\t<\/div>\n\t\t\t\t<\/div>\n\t\t<div data-animation-type=\"block\" class=\"elementor-element elementor-element-1b6e88d e-con-full e-flex sc_layouts_column_icons_position_left animation_type_block elementor-invisible e-con e-child\" data-id=\"1b6e88d\" data-element_type=\"container\" data-settings=\"{&quot;animation&quot;:&quot;ta_fadeinup&quot;}\">\n\t\t\t\t<div class=\"elementor-element elementor-element-691025b sc_fly_static elementor-widget elementor-widget-heading\" data-id=\"691025b\" data-element_type=\"widget\" data-widget_type=\"heading.default\">\n\t\t\t\t<div class=\"elementor-widget-container\">\n\t\t\t\t\t<h3 class=\"elementor-heading-title elementor-size-default\">Zg\u0142o\u015b nieprawid\u0142owo\u015b\u0107<\/h3>\t\t\t\t<\/div>\n\t\t\t\t<\/div>\n\t\t\t\t<div class=\"elementor-element elementor-element-4adf2e7 sc_fly_static elementor-widget elementor-widget-metform\" data-id=\"4adf2e7\" data-element_type=\"widget\" data-widget_type=\"metform.default\">\n\t\t\t\t<div class=\"elementor-widget-container\">\n\t\t\t\t\t<div id=\"mf-response-props-id-172\" data-previous-steps-style=\"\" data-editswitchopen=\"\" data-response_type=\"alert\" data-erroricon=\"fas fa-exclamation-triangle\" data-successicon=\"fas fa-check\" data-messageposition=\"top\" class=\"   mf-scroll-top-no\">\n\t\t<div class=\"formpicker_warper formpicker_warper_editable\" data-metform-formpicker-key=\"172\" >\n\t\t\t\t\n\t\t\t<div class=\"mf-widget-container\">\n\t\t\t\t\r\n\t\t<div\r\n\t\t\tid=\"metform-wrap-4adf2e7-172\"\r\n\t\t\tclass=\"mf-form-wrapper\"\r\n\t\t\tdata-form-id=\"172\"\r\n\t\t\tdata-action=\"https:\/\/rachmix.pl\/index.php\/wp-json\/metform\/v1\/entries\/insert\/172\"\r\n\t\t\tdata-wp-nonce=\"f97099729b\"\r\n\t\t\tdata-form-nonce=\"e81b2cfec5\"\r\n\t\t\tdata-quiz-summery = \"false\"\r\n\t\t\tdata-save-progress = \"false\"\r\n\t\t\tdata-form-type=\"contact_form\"\r\n\t\t\tdata-stop-vertical-effect=\"\"\r\n\t\t\t><\/div>\r\n\r\n\r\n\t\t<!----------------------------- \r\n\t\t\t* controls_data : find the the props passed indie of data attribute\r\n\t\t\t* props.SubmitResponseMarkup : contains the markup of error or success message\r\n\t\t\t* https:\/\/developer.mozilla.org\/en-US\/docs\/Web\/JavaScript\/Reference\/Template_literals\r\n\t\t--------------------------- -->\r\n\r\n\t\t\t\t<script type=\"text\/mf\" class=\"mf-template\">\r\n\t\t\tfunction controls_data (value){\r\n\t\t\t\tlet currentWrapper = \"mf-response-props-id-172\";\r\n\t\t\t\tlet currentEl = document.getElementById(currentWrapper);\r\n\t\t\t\t\r\n\t\t\t\treturn currentEl ? currentEl.dataset[value] : false\r\n\t\t\t}\r\n\r\n\r\n\t\t\tlet is_edit_mode = '' ? true : false;\r\n\t\t\tlet message_position = controls_data('messageposition') || 'top';\r\n\r\n\t\t\t\r\n\t\t\tlet message_successIcon = controls_data('successicon') || '';\r\n\t\t\tlet message_errorIcon = controls_data('erroricon') || '';\r\n\t\t\tlet message_editSwitch = controls_data('editswitchopen') === 'yes' ? true : false;\r\n\t\t\tlet message_proClass = controls_data('editswitchopen') === 'yes' ? 'mf_pro_activated' : '';\r\n\t\t\t\r\n\t\t\tlet is_dummy_markup = is_edit_mode && message_editSwitch ? true : false;\r\n\r\n\t\t\t\r\n\t\t\treturn html`\r\n\t\t\t\t<form\r\n\t\t\t\t\tclassName=\"metform-form-content\"\r\n\t\t\t\t\tref=${parent.formContainerRef}\r\n\t\t\t\t\tonSubmit=${ validation.handleSubmit( parent.handleFormSubmit ) }\r\n\t\t\t\t\r\n\t\t\t\t\t>\r\n\t\t\t\r\n\t\t\t\r\n\t\t\t\t\t${is_dummy_markup ? message_position === 'top' ?  props.ResponseDummyMarkup(message_successIcon, message_proClass) : '' : ''}\r\n\t\t\t\t\t${is_dummy_markup ? ' ' :  message_position === 'top' ? props.SubmitResponseMarkup`${parent}${state}${message_successIcon}${message_errorIcon}${message_proClass}` : ''}\r\n\r\n\t\t\t\t\t<!--------------------------------------------------------\r\n\t\t\t\t\t*** IMPORTANT \/ DANGEROUS ***\r\n\t\t\t\t\t${html``} must be used as in immediate child of \"metform-form-main-wrapper\"\r\n\t\t\t\t\tclass otherwise multistep form will not run at all\r\n\t\t\t\t\t---------------------------------------------------------->\r\n\r\n\t\t\t\t\t<div className=\"metform-form-main-wrapper\" key=${'hide-form-after-submit'} ref=${parent.formRef}>\r\n\t\t\t\t\t${html`\r\n\t\t\t\t\t\t\t\t<div data-elementor-type=\"wp-post\" key=\"2\" data-elementor-id=\"172\" className=\"elementor elementor-172\">\n\t\t\t\t<div className=\"elementor-element elementor-element-aaf4ee4 e-con-full e-flex sc_layouts_column_icons_position_left e-con e-parent\" data-id=\"aaf4ee4\" data-element_type=\"container\">\n\t\t\t\t<div className=\"elementor-element elementor-element-2060409 sc_fly_static elementor-widget elementor-widget-mf-text\" data-id=\"2060409\" data-element_type=\"widget\" data-settings=\"{&quot;mf_input_name&quot;:&quot;temat&quot;}\" data-widget_type=\"mf-text.default\">\n\t\t\t\t<div className=\"elementor-widget-container\">\n\t\t\t\t\t\r\n\t\t<div className=\"mf-input-wrapper\">\r\n\t\t\t\t\t\t\t<label className=\"mf-input-label\" htmlFor=\"mf-input-text-2060409\">\r\n\t\t\t\t\t${ parent.decodeEntities(``) } \t\t\t\t\t<span className=\"mf-input-required-indicator\">*<\/span>\r\n\t\t\t\t<\/label>\r\n\t\t\t\r\n\t\t\t<input\r\n\t\t\t\ttype=\"text\"\r\n\t\t\t\tclassName=\"mf-input \"\r\n\t\t\t\tid=\"mf-input-text-2060409\"\r\n\t\t\t\tname=\"temat\"\r\n\t\t\t\tplaceholder=\"${ parent.decodeEntities(`Temat zg\u0142oszenia`) } \"\r\n\t\t\t\t\t\t\t\t\tonInput=${parent.handleChange}\r\n\t\t\t\t\tonBlur=${parent.handleChange}\r\n\t\t\t\t\taria-invalid=${validation.errors['temat'] ? 'true' : 'false'}\r\n\t\t\t\t\tref=${el =>{\r\n\t\t\t\t\t\t\t\t\t\t\t\tparent.activateValidation({\"message\":\"To pole jest wymagane.\",\"minLength\":1,\"maxLength\":\"\",\"type\":\"none\",\"required\":true,\"expression\":\"null\"}, el)\r\n\t\t\t\t\t}}\r\n\t\t\t\t\t\t\t\t\/>\r\n\r\n\t\t\t\t\t\t\t<${validation.ErrorMessage}\r\n\t\t\t\t\terrors=${validation.errors}\r\n\t\t\t\t\tname=\"temat\"\r\n\t\t\t\t\tas=${html`<span className=\"mf-error-message\"><\/span>`}\r\n\t\t\t\t\t\/>\r\n\t\t\t\r\n\t\t\t\t\t<\/div>\r\n\r\n\t\t\t\t\t\t<\/div>\n\t\t\t\t<\/div>\n\t\t\t\t<div className=\"elementor-element elementor-element-8eefd49 sc_fly_static elementor-widget elementor-widget-mf-email\" data-id=\"8eefd49\" data-element_type=\"widget\" data-settings=\"{&quot;mf_input_name&quot;:&quot;email&quot;}\" data-widget_type=\"mf-email.default\">\n\t\t\t\t<div className=\"elementor-widget-container\">\n\t\t\t\t\t\r\n\t\t<div className=\"mf-input-wrapper\">\r\n\t\t\t\r\n\t\t\t<input \r\n\t\t\t\ttype=\"email\" \r\n\t\t\t\t \r\n\t\t\t\tdefaultValue=\"\" \r\n\t\t\t\tclassName=\"mf-input \" \r\n\t\t\t\tid=\"mf-input-email-8eefd49\" \r\n\t\t\t\tname=\"email\" \r\n\t\t\t\tplaceholder=\"${ parent.decodeEntities(`Email`) } \" \r\n\t\t\t\t \r\n\t\t\t\tonBlur=${parent.handleChange} onFocus=${parent.handleChange} aria-invalid=${validation.errors['email'] ? 'true' : 'false' } \r\n\t\t\t\tref=${el=> parent.activateValidation({\"message\":\"This field is required.\",\"emailMessage\":\"Please enter a valid Email address\",\"minLength\":1,\"maxLength\":\"\",\"type\":\"none\",\"required\":true,\"expression\":\"null\"}, el)}\r\n\t\t\t\t\t\t\t\/>\r\n\r\n\t\t\t\t\t\t<${validation.ErrorMessage} \r\n\t\t\t\terrors=${validation.errors} \r\n\t\t\t\tname=\"email\" \r\n\t\t\t\tas=${html`<span className=\"mf-error-message\"><\/span>`}\r\n\t\t\t\/>\r\n\t\t\t\r\n\t\t\t\t\t<\/div>\r\n\r\n\t\t\t\t<\/div>\n\t\t\t\t<\/div>\n\t\t\t\t<div className=\"elementor-element elementor-element-e24aeef sc_fly_static elementor-widget elementor-widget-mf-textarea\" data-id=\"e24aeef\" data-element_type=\"widget\" data-settings=\"{&quot;mf_input_name&quot;:&quot;Opis&quot;}\" data-widget_type=\"mf-textarea.default\">\n\t\t\t\t<div className=\"elementor-widget-container\">\n\t\t\t\t\t\r\n\t\t<div className=\"mf-input-wrapper\">\r\n\t\t\t\t\t\t\t<label className=\"mf-input-label\" htmlFor=\"mf-input-text-area-e24aeef\">\r\n\t\t\t\t\t${ parent.decodeEntities(``) } \t\t\t\t\t<span className=\"mf-input-required-indicator\"><\/span>\r\n\t\t\t\t<\/label>\r\n\t\t\t\r\n\t\t\t<textarea className=\"mf-input mf-textarea \" id=\"mf-input-text-area-e24aeef\"\r\n\t\t\t\tname=\"Opis\" \r\n\t\t\t\tplaceholder=\"${ parent.decodeEntities(`Opis zdarzenia`) } \"\r\n\t\t\t\tcols=\"30\" rows=\"10\"\r\n\t\t\t\t\t\t\t\t\tonInput=${ parent.handleChange }\r\n\t\t\t\t\taria-invalid=${validation.errors['Opis'] ? 'true' : 'false'}\r\n\t\t\t\t\tref=${ el => parent.activateValidation({\"message\":\"This field is required.\",\"minLength\":1,\"maxLength\":\"\",\"type\":\"none\",\"required\":false,\"expression\":\"null\"}, el)}\r\n\t\t\t\t\t\t\t\t><\/textarea>\r\n\r\n\t\t\t\t\t\t\t<${validation.ErrorMessage}\r\n\t\t\t\t\terrors=${validation.errors}\r\n\t\t\t\t\tname=\"Opis\"\r\n\t\t\t\t\tas=${html`<span className=\"mf-error-message\"><\/span>`}\r\n\t\t\t\t\t\/>\r\n\t\t\t\t\t\t\t\t<\/div>\r\n\r\n\t\t\t\t\t\t<\/div>\n\t\t\t\t<\/div>\n\t\t\t\t<div className=\"elementor-element elementor-element-52c5a5e sc_fly_static elementor-widget elementor-widget-mf-gdpr-consent\" data-id=\"52c5a5e\" data-element_type=\"widget\" data-settings=\"{&quot;mf_input_name&quot;:&quot;Polityka&quot;}\" data-widget_type=\"mf-gdpr-consent.default\">\n\t\t\t\t<div className=\"elementor-widget-container\">\n\t\t\t\t\t\n\t\t<div className=\"mf-input-wrapper\">\n\t\t\t\t\t\t\t<label className=\"mf-input-label\" htmlFor=\"mf-input-gdpr-52c5a5e\">\n\t\t\t\t\t${ parent.decodeEntities(``) } \t\t\t\t\t<span className=\"mf-input-required-indicator\">*<\/span>\n\t\t\t\t<\/label>\n\t\t\t\n\t\t\t<div className=\"mf-checkbox multi-option-input-type\" id=\"mf-input-gdpr-52c5a5e\">\n\t\t\t\t<div className=\"mf-checkbox-option\">\n\t\t\t\t\t<label>\n\t\t\t\t\t\t\t\t\t\t\t\t<input\n\t\t\t\t\t\t\ttype=\"checkbox\"\n\t\t\t\t\t\t\tclassName=\"mf-input mf-checkbox-input \"\n\t\t\t\t\t\t\tname=\"Polityka\"\n\t\t\t\t\t\t\t\t\t\t\t\t\t\t\tonInput=${ parent.handleOptin }\n\t\t\t\t\t\t\t\taria-invalid=${validation.errors['Polityka'] ? 'true' : 'false'}\n\t\t\t\t\t\t\t\tref=${ el => parent.activateValidation({\"message\":\"To pole jest wymagane.\",\"minLength\":1,\"maxLength\":\"\",\"type\":\"none\",\"required\":true,\"expression\":\"null\"}, el) }\n\t\t\t\t\t\t\t\t\t\t\t\t\t\t\/>\n\t\t\t\t\t\t<span>\n\t\t\t\t\t\t\tWyra\u017cam zgod\u0119 na przetwarzanie danych wy\u0142\u0105cznie w celu \n<a href=\"https:\/\/rachmix.pl\/?page_id=2128\" target=\"_blank\" rel=\"noopener\">\n   analizy zg\u0142oszenia\n<\/a>.\n\t\t\t\t\t\t<\/span>\n\t\t\t\t\t<\/label>\n\t\t\t\t<\/div>\n\t\t\t<\/div>\n\n\t\t\t\t\t\t\t<${validation.ErrorMessage}\n\t\t\t\t\terrors=${validation.errors}\n\t\t\t\t\tname=\"Polityka\"\n\t\t\t\t\tas=${html`<span className=\"mf-error-message\"><\/span>`}\n\t\t\t\t\t\/>\n\t\t\t\n\t\t\t\t\t<\/div>\n\n\t\t\t\t\t\t<\/div>\n\t\t\t\t<\/div>\n\t\t\t\t<div className=\"elementor-element elementor-element-d67b625 mf-btn--justify mf-btn--tablet-justify mf-btn--mobile-justify sc_fly_static elementor-widget elementor-widget-mf-button\" data-id=\"d67b625\" data-element_type=\"widget\" data-widget_type=\"mf-button.default\">\n\t\t\t\t<div className=\"elementor-widget-container\">\n\t\t\t\t\t\t\t<div className=\"mf-btn-wraper \" data-mf-form-conditional-logic-requirement=\"\">\r\n\t\t\t\t\t\t\t<button type=\"submit\" className=\"metform-btn metform-submit-btn \" id=\"\">\r\n\t\t\t\t\t<span>${ parent.decodeEntities(`Wy\u015blij wiadomo\u015b\u0107`) } <\/span>\r\n\t\t\t\t<\/button>\r\n\t\t\t        <\/div>\r\n        \t\t\t\t<\/div>\n\t\t\t\t<\/div>\n\t\t\t\t<\/div>\n\t\t\t\t<\/div>\n\t\t\t\t\t\t\t`}\r\n\t\t\t\t\t<\/div>\r\n\r\n\t\t\t\t\t${is_dummy_markup ? message_position === 'bottom' ? props.ResponseDummyMarkup(message_successIcon, message_proClass) : '' : ''}\r\n\t\t\t\t\t${is_dummy_markup ? ' ' : message_position === 'bottom' ? props.SubmitResponseMarkup`${parent}${state}${message_successIcon}${message_errorIcon}${message_proClass}` : ''}\r\n\t\t\t\t\r\n\t\t\t\t<\/form>\r\n\t\t\t`\r\n\t\t<\/script>\r\n\r\n\t\t\t\t\t<\/div>\n\t\t<\/div>\n\t\t<\/div>\t\t\t\t<\/div>\n\t\t\t\t<\/div>\n\t\t\t\t<\/div>\n\t\t\t\t<\/div>\n\t\t\t\t\t<\/div>\n\t\t\t\t<\/div>\n\t\t\t\t<\/div>\n\t\t","protected":false},"excerpt":{"rendered":"<p>Sygnalista Bezpieczny kontakt: jolanta.lagoda@rachmix.pl Klauzula RODO dla sygnalist\u00f3w + pliki do pobrania Bezpieczne&hellip;<\/p>\n","protected":false},"author":1,"featured_media":0,"parent":0,"menu_order":0,"comment_status":"closed","ping_status":"closed","template":"","meta":{"footnotes":""},"class_list":["post-1683","page","type-page","status-publish","hentry"],"_links":{"self":[{"href":"https:\/\/rachmix.pl\/index.php\/wp-json\/wp\/v2\/pages\/1683","targetHints":{"allow":["GET"]}}],"collection":[{"href":"https:\/\/rachmix.pl\/index.php\/wp-json\/wp\/v2\/pages"}],"about":[{"href":"https:\/\/rachmix.pl\/index.php\/wp-json\/wp\/v2\/types\/page"}],"author":[{"embeddable":true,"href":"https:\/\/rachmix.pl\/index.php\/wp-json\/wp\/v2\/users\/1"}],"replies":[{"embeddable":true,"href":"https:\/\/rachmix.pl\/index.php\/wp-json\/wp\/v2\/comments?post=1683"}],"version-history":[{"count":53,"href":"https:\/\/rachmix.pl\/index.php\/wp-json\/wp\/v2\/pages\/1683\/revisions"}],"predecessor-version":[{"id":2271,"href":"https:\/\/rachmix.pl\/index.php\/wp-json\/wp\/v2\/pages\/1683\/revisions\/2271"}],"wp:attachment":[{"href":"https:\/\/rachmix.pl\/index.php\/wp-json\/wp\/v2\/media?parent=1683"}],"curies":[{"name":"wp","href":"https:\/\/api.w.org\/{rel}","templated":true}]}}