{"id":74,"date":"2025-06-09T12:33:32","date_gmt":"2025-06-09T12:33:32","guid":{"rendered":"https:\/\/bedzie-strona.pl\/?page_id=74"},"modified":"2025-11-02T22:20:02","modified_gmt":"2025-11-02T22:20:02","slug":"privacy-policy","status":"publish","type":"page","link":"https:\/\/rachmix.pl\/index.php\/privacy-policy\/","title":{"rendered":"Polityka prywatno\u015bci"},"content":{"rendered":"\t\t<div data-elementor-type=\"wp-page\" data-elementor-id=\"74\" class=\"elementor elementor-74\">\n\t\t\t\t<div class=\"elementor-element elementor-element-a15ed42 e-flex e-con-boxed sc_layouts_column_icons_position_left e-con e-parent\" data-id=\"a15ed42\" data-element_type=\"container\">\n\t\t\t\t\t<div class=\"e-con-inner\">\n\t\t\t\t<div class=\"elementor-element elementor-element-b45ddee sc_fly_static elementor-widget elementor-widget-heading\" data-id=\"b45ddee\" data-element_type=\"widget\" data-widget_type=\"heading.default\">\n\t\t\t\t<div class=\"elementor-widget-container\">\n\t\t\t\t\t<h2 class=\"elementor-heading-title elementor-size-default\">Polityka prywatno\u015bci<\/h2>\t\t\t\t<\/div>\n\t\t\t\t<\/div>\n\t\t\t\t\t<\/div>\n\t\t\t\t<\/div>\n\t\t<div class=\"elementor-element elementor-element-e2ec214 e-flex e-con-boxed sc_layouts_column_icons_position_left e-con e-parent\" data-id=\"e2ec214\" data-element_type=\"container\">\n\t\t\t\t\t<div class=\"e-con-inner\">\n\t\t\t\t<div class=\"elementor-element elementor-element-4edabe6 sc_fly_static elementor-widget elementor-widget-text-editor\" data-id=\"4edabe6\" data-element_type=\"widget\" data-widget_type=\"text-editor.default\">\n\t\t\t\t<div class=\"elementor-widget-container\">\n\t\t\t\t\t\t\t\t\t<ul><li data-start=\"208\" data-end=\"512\"><p data-start=\"211\" data-end=\"512\">Biuro Rachunkowe RACHMIX Jolanta \u0141agoda informuje, \u017ce Administratorem, czyli podmiotem decyduj\u0105cym o tym, jak b\u0119d\u0105 wykorzystywane Twoje dane osobowe, jest: Biuro Rachunkowe RACHMIX Jolanta \u0141agoda z siedzib\u0105 w Bia\u0142ymstoku, ul. Wiatrakowa 3 lok. U2, 15-827 Bia\u0142ystok, adres mailowy: <a class=\"decorated-link cursor-pointer\" rel=\"noopener\" data-start=\"492\" data-end=\"510\">rachmix@rachmix.pl<\/a><\/p><\/li><li data-start=\"513\" data-end=\"947\"><p data-start=\"516\" data-end=\"947\">Przetwarzanie danych osobowych odbywa si\u0119 na zasadach okre\u015blonych w ustawie z dnia 10 maja 2018 r. o ochronie danych osobowych oraz Rozporz\u0105dzenia Parlamentu Europejskiego i Rady UE 2016\/679 z dnia 27 kwietnia 2016 r. w sprawie ochrony os\u00f3b fizycznych w zwi\u0105zku z przetwarzaniem danych osobowych i w sprawie swobodnego przep\u0142ywu takich danych oraz uchylenia dyrektywy 95\/46\/WE (og\u00f3lne rozporz\u0105dzenie o ochronie danych osobowych).<\/p><\/li><li data-start=\"948\" data-end=\"1338\"><p data-start=\"951\" data-end=\"1338\">Uzyskane dane osobowe s\u0105 przetwarzane przez Biuro Rachunkowe RACHMIX Jolanta \u0141agoda w celu: wykonania zawartej umowy o \u015bwiadczenie us\u0142ug rachunkowych, spe\u0142nienia wymaga\u0144, okre\u015blonych odr\u0119bnymi przepisami, na potrzeby dzia\u0142a\u0144 statystycznych i marketingowych Administratora, dostosowania strony internetowej do potrzeb U\u017cytkownik\u00f3w <strong data-start=\"1281\" data-end=\"1335\">(z wykorzystaniem plik\u00f3w cookies \u2013 patrz pkt 9\u201315)<\/strong>.<\/p><\/li><li data-start=\"1339\" data-end=\"2305\"><p data-start=\"1342\" data-end=\"2305\">W ka\u017cdym czasie przys\u0142uguje Ci prawo dost\u0119pu, sprostowania oraz usuni\u0119cia danych osobowych, ograniczenia ich przetwarzania, prawo do ich przenoszenia, niepodlegania zautomatyzowanemu podejmowaniu decyzji, w tym profilowaniu, a tak\u017ce prawo do wyra\u017cenia sprzeciwu wobec przetwarzania Twoich danych osobowych. Z podanych praw mo\u017cna skorzysta\u0107 w ka\u017cdym czasie, i tak:<br data-start=\"1705\" data-end=\"1708\" \/>\uf02d w odniesieniu do \u017c\u0105dania sprostowania danych, kiedy dane s\u0105 nieprawid\u0142owe lub niekompletne;<br data-start=\"1801\" data-end=\"1804\" \/>\uf02d w odniesieniu do \u017c\u0105dania usuni\u0119cia danych, kiedy dane nie b\u0119d\u0105 ju\u017c niezb\u0119dne do cel\u00f3w, dla kt\u00f3rych zosta\u0142y uzyskane przez Biuro Rachunkowe RACHMIX Jolanta \u0141agoda;<br data-start=\"1968\" data-end=\"1971\" \/>\uf02d w odniesieniu do \u017c\u0105dania ograniczenia przetwarzania danych, kiedy dane s\u0105 nieprawid\u0142owe, kiedy minie czas na ich przechowywanie;<br data-start=\"2101\" data-end=\"2104\" data-is-only-node=\"\" \/>\uf02d w odniesieniu do \u017c\u0105dania przeniesienia danych, kiedy przetwarzanie danych odbywa si\u0119 na podstawie Twojej zgody lub zawartej z Tob\u0105 umowy oraz, gdy przetwarzanie to odbywa si\u0119 w spos\u00f3b automatyczny.<\/p><\/li><li data-start=\"2306\" data-end=\"2466\"><p data-start=\"2309\" data-end=\"2466\">Przys\u0142uguje Tobie r\u00f3wnie\u017c prawo do cofni\u0119cia zgody na przetwarzanie danych osobowych oraz zg\u0142oszenia sprzeciwu do czynno\u015bci przetwarzania danych osobowych.<\/p><\/li><li data-start=\"2467\" data-end=\"2727\"><p data-start=\"2470\" data-end=\"2727\">Dane osobowe zamieszczone przez Ciebie w formularzu kontaktowym (imi\u0119 i nazwisko, numer telefonu oraz adres e-mail) s\u0105 wykorzystywane w celu udzielenia odpowiedzi na zg\u0142oszone zapytanie, a tak\u017ce w celu dalszej korespondencji mailowej prowadzonej z Biurem.<\/p><\/li><li data-start=\"2728\" data-end=\"2791\"><p data-start=\"2731\" data-end=\"2791\">Dane osobowe s\u0105 przetwarzane przez dozwolony prawem okres.<\/p><\/li><li data-start=\"2792\" data-end=\"3005\"><p data-start=\"2795\" data-end=\"3005\">Administrator Danych Osobowych zastrzega sobie prawo dokonywania zmian w Polityce Prywatno\u015bci. Zmiany wchodz\u0105 w \u017cycie z chwil\u0105 zamieszczenia zmienionej Polityki Prywatno\u015bci na niniejszej stronie internetowej.<\/p><\/li><li data-start=\"3006\" data-end=\"3653\"><p data-start=\"3009\" data-end=\"3653\">Administrator stosuje technologie obserwuj\u0105ce dzia\u0142ania podejmowane przez U\u017cytkownika w ramach Strony:<br data-start=\"3111\" data-end=\"3114\" \/>\uf02d Piksel konwersji Facebooka \u2013 w celu zarz\u0105dzania reklamami na Facebooku i prowadzenia dzia\u0142a\u0144 remarketingowych, <strong data-start=\"3227\" data-end=\"3283\">wy\u0142\u0105cznie po wyra\u017ceniu zgody na cookies marketingowe<\/strong>;<br data-start=\"3284\" data-end=\"3287\" \/>\uf02d od Google Analytics \u2013 w celu analizy statystyk Strony. Google Analytics korzysta z w\u0142asnych plik\u00f3w cookies do analizowania dzia\u0142a\u0144 i zachowa\u0144 U\u017cytkownik\u00f3w Strony. Pliki te s\u0142u\u017c\u0105 do przechowywania informacji, np. z jakiej strony U\u017cytkownik trafi\u0142 na bie\u017c\u0105c\u0105 stron\u0119 internetow\u0105. Pomagaj\u0105 udoskonali\u0107 Stron\u0119, <strong data-start=\"3595\" data-end=\"3650\">wy\u0142\u0105cznie po wyra\u017ceniu zgody na cookies analityczne<\/strong>.<\/p><\/li><li data-start=\"3654\" data-end=\"3804\"><p data-start=\"3658\" data-end=\"3804\"><strong data-start=\"3658\" data-end=\"3713\">Strona zbiera informacje zawarte w plikach cookies.<\/strong> Nie zbieramy w spos\u00f3b automatyczny innych informacji ni\u017c te wynikaj\u0105ce z plik\u00f3w cookies.<\/p><\/li><li data-start=\"3805\" data-end=\"4155\"><p data-start=\"3809\" data-end=\"4155\">Pliki cookies (tzw. \u201eciasteczka\u201d) stanowi\u0105 dane informatyczne, w szczeg\u00f3lno\u015bci pliki tekstowe, kt\u00f3re przechowywane s\u0105 w urz\u0105dzeniu ko\u0144cowym U\u017cytkownika Strony i przeznaczone s\u0105 do korzystania ze Strony. Cookies zazwyczaj zawieraj\u0105 nazw\u0119 strony internetowej, z kt\u00f3rej pochodz\u0105, czas przechowywania ich na urz\u0105dzeniu ko\u0144cowym oraz unikalny numer.<\/p><\/li><li data-start=\"4156\" data-end=\"4580\"><p data-start=\"4160\" data-end=\"4580\">Pliki cookies wykorzystywane s\u0105 w celu dostosowania zawarto\u015bci stron internetowych Strony do preferencji U\u017cytkownika oraz optymalizacji korzystania ze stron internetowych; tworzenia statystyk, kt\u00f3re pomagaj\u0105 zrozumie\u0107, w jaki spos\u00f3b U\u017cytkownicy korzystaj\u0105 ze Strony, co umo\u017cliwia ulepszanie jej struktury i zawarto\u015bci; <strong data-start=\"4479\" data-end=\"4577\">a tak\u017ce w celach marketingowych (remarketing, pomiar skuteczno\u015bci reklam) \u2013 po wyra\u017ceniu zgody<\/strong>.<\/p><\/li><li data-start=\"4581\" data-end=\"4935\"><p data-start=\"4585\" data-end=\"4935\">Mo\u017cesz dokona\u0107 samodzielnie zmian w ustawieniach dotycz\u0105cych plik\u00f3w cookies. W wielu przypadkach przegl\u0105darka internetowa domy\u015blnie dopuszcza przechowywanie plik\u00f3w cookies w urz\u0105dzeniu ko\u0144cowym U\u017cytkownika. Szczeg\u00f3\u0142owe informacje o mo\u017cliwo\u015bci i sposobach obs\u0142ugi plik\u00f3w cookies dost\u0119pne s\u0105 w ustawieniach oprogramowania (przegl\u0105darki internetowej).<\/p><\/li><li data-start=\"4936\" data-end=\"5268\"><p data-start=\"4940\" data-end=\"5268\">Brak wyra\u017cenia zgody na pliki cookies <strong data-start=\"4978\" data-end=\"5006\">analityczne\/marketingowe<\/strong> mo\u017ce ogranicza\u0107 dzia\u0142anie niekt\u00f3rych funkcjonalno\u015bci na stronie; cookies <strong data-start=\"5080\" data-end=\"5093\">niezb\u0119dne<\/strong> s\u0142u\u017c\u0105 do prawid\u0142owego dzia\u0142ania strony i s\u0105 wykorzystywane niezale\u017cnie od zgody. Preferencje mo\u017cesz w ka\u017cdej chwili zmieni\u0107 w banerze cookies lub ustawieniach przegl\u0105darki.<\/p><\/li><li data-start=\"5269\" data-end=\"5538\"><p data-start=\"5273\" data-end=\"5538\">Na stronie u\u017cywane s\u0105 wtyczki i inne narz\u0119dzia spo\u0142eczno\u015bciowe udost\u0119pniane przez portale takie jak: Facebook, Google, Instagram, Linkedin. Zasady dot. przetwarzania danych osobowych opisane s\u0105 bezpo\u015brednio na stronach us\u0142ugodawc\u00f3w tych portali spo\u0142eczno\u015bciowych.<\/p><\/li><li data-start=\"5539\" data-end=\"6621\"><p data-start=\"5543\" data-end=\"6621\">Administratorem danych przetwarzanych na potrzeby statystyk zbieranych w ramach platformy Facebook jest Jolanta \u0141agoda prowadz\u0105ca dzia\u0142alno\u015b\u0107 gospodarcz\u0105 pod firm\u0105 Biuro Rachunkowe RACHMIX Jolanta \u0141agoda z siedzib\u0105 w Bia\u0142ymstoku, ul. Wiatrakowa 3 lok. U2, 15-827 Bia\u0142ystok, adres mailowy: <a class=\"decorated-link cursor-pointer\" rel=\"noopener\" data-start=\"5832\" data-end=\"5850\">rachmix@rachmix.pl<\/a>, zwana dalej Administratorem oraz Facebook Ireland Limited, z siedzib\u0105 pod adresem 4 Grand Canal Square, Grand Canal Harbour, Dublin 2 Irlandia, zwany dalej Wsp\u00f3\u0142administratorem. Dane te s\u0105 przetwarzane w oparciu o wsp\u00f3\u0142administrowanie przez wymienione powy\u017cej podmioty. Szczeg\u00f3\u0142owe zasady dot. wsp\u00f3\u0142administrowania danymi, w tym informacje o przys\u0142uguj\u0105cym prawach opisane zosta\u0142y na stronie Informacje o statystykach strony. Administrator przetwarza dane w oparciu o uzasadniony interes Administratora polegaj\u0105cy na prowadzeniu analiz aktywno\u015bci u\u017cytkownik\u00f3w, a tak\u017ce ich preferencji, w celu poprawy stosowanych funkcjonalno\u015bci i \u015bwiadczonych us\u0142ug. W sprawach dotycz\u0105cych danych osobowych mo\u017cna kontaktowa\u0107 si\u0119 zar\u00f3wno z Administratorem, jak i wsp\u00f3\u0142administratorem.<\/p><\/li><\/ul>\t\t\t\t\t\t\t\t<\/div>\n\t\t\t\t<\/div>\n\t\t\t\t\t<\/div>\n\t\t\t\t<\/div>\n\t\t\t\t<\/div>\n\t\t","protected":false},"excerpt":{"rendered":"<p>Polityka prywatno\u015bci Biuro Rachunkowe RACHMIX Jolanta \u0141agoda informuje, \u017ce Administratorem, czyli podmiotem decyduj\u0105cym&hellip;<\/p>\n","protected":false},"author":1,"featured_media":0,"parent":0,"menu_order":0,"comment_status":"closed","ping_status":"closed","template":"","meta":{"footnotes":""},"class_list":["post-74","page","type-page","status-publish","hentry"],"_links":{"self":[{"href":"https:\/\/rachmix.pl\/index.php\/wp-json\/wp\/v2\/pages\/74","targetHints":{"allow":["GET"]}}],"collection":[{"href":"https:\/\/rachmix.pl\/index.php\/wp-json\/wp\/v2\/pages"}],"about":[{"href":"https:\/\/rachmix.pl\/index.php\/wp-json\/wp\/v2\/types\/page"}],"author":[{"embeddable":true,"href":"https:\/\/rachmix.pl\/index.php\/wp-json\/wp\/v2\/users\/1"}],"replies":[{"embeddable":true,"href":"https:\/\/rachmix.pl\/index.php\/wp-json\/wp\/v2\/comments?post=74"}],"version-history":[{"count":7,"href":"https:\/\/rachmix.pl\/index.php\/wp-json\/wp\/v2\/pages\/74\/revisions"}],"predecessor-version":[{"id":2167,"href":"https:\/\/rachmix.pl\/index.php\/wp-json\/wp\/v2\/pages\/74\/revisions\/2167"}],"wp:attachment":[{"href":"https:\/\/rachmix.pl\/index.php\/wp-json\/wp\/v2\/media?parent=74"}],"curies":[{"name":"wp","href":"https:\/\/api.w.org\/{rel}","templated":true}]}}